{"id":64,"date":"2022-05-01T16:52:12","date_gmt":"2022-05-01T16:52:12","guid":{"rendered":"https:\/\/www.jez.ba\/?page_id=64"},"modified":"2023-05-15T09:35:28","modified_gmt":"2023-05-15T09:35:28","slug":"zelene-politike","status":"publish","type":"page","link":"https:\/\/www.jez.ba\/index.php\/zelene-politike\/","title":{"rendered":"Zelene politike"},"content":{"rendered":"\n<p>Pribli\u017eavanje populaciji samog zna\u010denja pojma zelene politike, edukacija o istima i nu\u0111enje vizije \u0161ta bi se to moglo u na\u0161oj zemlji uraditi na planu participativne demokratije, ekolo\u0161ke mudrosti i odr\u017eivosti, socijalne pravde, nenasilja i po\u0161tovanja razli\u010ditosti. Cilj nam je ponuditi viziju neke nove politike jer u javnom prostoru ali i u politi\u010dkom narativu kao da ne postoje. Vrtimo se u za\u010daranom krugu 90 tih bez izgledne mogu\u0107nosti da iz njega brzo iza\u0111emo.<\/p>\n\n\n\n<p><strong>Vizija<\/strong><\/p>\n\n\n\n<p>Ponuditi sadr\u017eaj posjetiocima koji je primjeren 21 vijeku, izazovima i potrebama vremena u kojem \u017eivimo. Kreirati inkluzivan virtuelni prostor koji \u0107e generirati pozitivne dru\u0161tvene procese i edukovati javno mijenje. Nije nam cilj kreirati jo\u0161 jedan kriti\u010dki ili portal koji samo prenosi tu\u0111e sadr\u017eaje, \u017eelimo ponuditi kako rje\u0161enja tako i druga\u010diju perspektivu od one koja je mainstream.<\/p>\n\n\n\n<p><strong>Zelena politika: Kreiranje vizije odr\u017eivog sutra<\/strong><\/p>\n\n\n\n<p>Pribli\u017eavanje populaciji samog zna\u010denja pojma zelene politike, edukacija o istima i nu\u0111enje vizije \u0161ta bi se to moglo u na\u0161oj zemlji uraditi na planu participativne demokratije, ekolo\u0161ke mudrosti i odr\u017eivosti, socijalne pravde, nenasilja i po\u0161tovanja razli\u010ditosti. Cilj nam je ponuditi viziju neke nove politike jer u javnom prostoru ali i u politi\u010dkom narativu kao da ne postoje. Vrtimo se u za\u010daranom krugu 90 tih bez izgledne mogu\u0107nosti da iz njega brzo iza\u0111emo.<\/p>\n\n\n\n<p>U dana\u0161njem svijetu, suo\u010deni smo s izazovima koji prijete na\u0161oj planeti i dru\u0161tvu. Klimatske promjene, iscrpljivanje prirodnih resursa i socijalne nepravde zahtijevaju da prona\u0111emo nove na\u010dine razmi\u0161ljanja i djelovanja. U takvim vremenima, zelena politika izranja kao klju\u010dni koncept koji nudi nadu i viziju odr\u017eivog sutra.<\/p>\n\n\n\n<p>Na\u0161a misija je kreiranje inkluzivnog i inspirativnog virtuelnog prostora koji \u0107e generirati pozitivne dru\u0161tvene procese i edukovati javno mijenje. Umjesto da budemo jo\u0161 jedan kriti\u010dki portal koji samo prenosi tu\u0111e sadr\u017eaje, \u017eelimo ponuditi rje\u0161enja i druga\u010diju perspektivu od one koja je mainstream.<\/p>\n\n\n\n<p>Zelena politika se temelji na nekoliko klju\u010dnih principa. Prvo, participativna demokratija je temeljni kamen ove politi\u010dke filozofije. Svi gra\u0111ani trebaju imati priliku sudjelovati u politi\u010dkim procesima i dono\u0161enju odluka koje utje\u010du na njihovu zajednicu i okoli\u0161. Otvorenost, transparentnost i dijalog su klju\u010dni za stvaranje politi\u010dkog okru\u017eenja koje odra\u017eava potrebe i interese \u0161iroke populacije.<\/p>\n\n\n\n<p>Drugi klju\u010dni princip je ekolo\u0161ka mudrost i odr\u017eivost. Moramo se suo\u010diti s \u010dinjenicom da su na\u0161i resursi ograni\u010deni i da moramo racionalno upravljati njima kako bismo osigurali odr\u017eivost na\u0161eg dru\u0161tva. To zna\u010di smanjenje emisija stakleni\u010dkih plinova, promicanje obnovljivih izvora energije, za\u0161titu prirodnih stani\u0161ta i o\u010duvanje bioraznolikosti. Zelena politika zagovara prelazak na kru\u017eno gospodarstvo koje minimizira otpad i smanjuje ekolo\u0161ki otisak.<\/p>\n","protected":false},"excerpt":{"rendered":"<p>Pribli\u017eavanje populaciji samog zna\u010denja pojma zelene politike, edukacija o istima i nu\u0111enje vizije \u0161ta bi se to moglo u na\u0161oj zemlji uraditi na planu participativne demokratije, ekolo\u0161ke mudrosti i odr\u017eivosti, socijalne pravde, nenasilja i po\u0161tovanja razli\u010ditosti. Cilj nam je ponuditi viziju neke nove politike jer u javnom prostoru ali i u politi\u010dkom narativu kao da&#8230;<\/p>\n","protected":false},"author":1,"featured_media":0,"parent":0,"menu_order":0,"comment_status":"closed","ping_status":"closed","template":"","meta":{"footnotes":""},"class_list":["post-64","page","type-page","status-publish","hentry"],"_links":{"self":[{"href":"https:\/\/www.jez.ba\/index.php\/wp-json\/wp\/v2\/pages\/64","targetHints":{"allow":["GET"]}}],"collection":[{"href":"https:\/\/www.jez.ba\/index.php\/wp-json\/wp\/v2\/pages"}],"about":[{"href":"https:\/\/www.jez.ba\/index.php\/wp-json\/wp\/v2\/types\/page"}],"author":[{"embeddable":true,"href":"https:\/\/www.jez.ba\/index.php\/wp-json\/wp\/v2\/users\/1"}],"replies":[{"embeddable":true,"href":"https:\/\/www.jez.ba\/index.php\/wp-json\/wp\/v2\/comments?post=64"}],"version-history":[{"count":3,"href":"https:\/\/www.jez.ba\/index.php\/wp-json\/wp\/v2\/pages\/64\/revisions"}],"predecessor-version":[{"id":565,"href":"https:\/\/www.jez.ba\/index.php\/wp-json\/wp\/v2\/pages\/64\/revisions\/565"}],"wp:attachment":[{"href":"https:\/\/www.jez.ba\/index.php\/wp-json\/wp\/v2\/media?parent=64"}],"curies":[{"name":"wp","href":"https:\/\/api.w.org\/{rel}","templated":true}]}}