{"id":56,"date":"2022-05-01T16:41:31","date_gmt":"2022-05-01T16:41:31","guid":{"rendered":"https:\/\/www.jez.ba\/?page_id=56"},"modified":"2022-05-16T19:16:01","modified_gmt":"2022-05-16T19:16:01","slug":"aktivnosti","status":"publish","type":"page","link":"https:\/\/www.jez.ba\/index.php\/aktivnosti\/","title":{"rendered":"Aktivnosti"},"content":{"rendered":"\n<p>Informacije o aktivnostima fondacije &amp; svim partnerskim grupacijama. Vrijeme, mjesto i povod de\u0161avanja kao i na\u010din i mogu\u0107nosti uklju\u010denja.<\/p>\n\n\n\n<p>ZELENA REVIZIJA<\/p>\n\n\n\n<p>Prikupljanje i analiziranje podaka o tome kako se vladaju\u0107e politi\u010dke stranke odnose prema tri klju\u010dna tematska podru\u010dja (zelene politike, zajedni\u010dka dobra i odr\u017eiva ekonomija), te doprinijeti unapre\u0111enju sistema upravljanja. Cilj je skenirati postoje\u0107e stanje ali i otvoriti prostor za dijalog izme\u0111u aktera civilnog dru\u0161tva i stranaka kada su u pitanju zelene politike, odr\u017eiva ekonomija i za\u0161tita \u017eivotne sredine.<\/p>\n\n\n\n<p>GRA\u0110ANSKE PATROLE<\/p>\n\n\n\n<p>Cilj djelovanja jeste animiranje, poticanje i osna\u017eivanje stanovnika grada Sarajeva da aktivno u\u010destvuju u stvaranju prostornih politika. Aktivnosti su usmjerene prepoznavanje potencijala gradskih povr\u0161ina, spre\u010davanje njihove privatizacije&nbsp; i zaustavljanje ilegalne gradnje \u010dime bismo za\u0161titili prostor, smanjili betonizaciju grada i dali mu potpuno novu funkciju.<\/p>\n","protected":false},"excerpt":{"rendered":"<p>Informacije o aktivnostima fondacije &amp; svim partnerskim grupacijama. Vrijeme, mjesto i povod de\u0161avanja kao i na\u010din i mogu\u0107nosti uklju\u010denja. ZELENA REVIZIJA Prikupljanje i analiziranje podaka o tome kako se vladaju\u0107e politi\u010dke stranke odnose prema tri klju\u010dna tematska podru\u010dja (zelene politike, zajedni\u010dka dobra i odr\u017eiva ekonomija), te doprinijeti unapre\u0111enju sistema upravljanja. Cilj je skenirati postoje\u0107e stanje&#8230;<\/p>\n","protected":false},"author":1,"featured_media":0,"parent":0,"menu_order":0,"comment_status":"closed","ping_status":"closed","template":"","meta":{"footnotes":""},"class_list":["post-56","page","type-page","status-publish","hentry"],"_links":{"self":[{"href":"https:\/\/www.jez.ba\/index.php\/wp-json\/wp\/v2\/pages\/56","targetHints":{"allow":["GET"]}}],"collection":[{"href":"https:\/\/www.jez.ba\/index.php\/wp-json\/wp\/v2\/pages"}],"about":[{"href":"https:\/\/www.jez.ba\/index.php\/wp-json\/wp\/v2\/types\/page"}],"author":[{"embeddable":true,"href":"https:\/\/www.jez.ba\/index.php\/wp-json\/wp\/v2\/users\/1"}],"replies":[{"embeddable":true,"href":"https:\/\/www.jez.ba\/index.php\/wp-json\/wp\/v2\/comments?post=56"}],"version-history":[{"count":2,"href":"https:\/\/www.jez.ba\/index.php\/wp-json\/wp\/v2\/pages\/56\/revisions"}],"predecessor-version":[{"id":86,"href":"https:\/\/www.jez.ba\/index.php\/wp-json\/wp\/v2\/pages\/56\/revisions\/86"}],"wp:attachment":[{"href":"https:\/\/www.jez.ba\/index.php\/wp-json\/wp\/v2\/media?parent=56"}],"curies":[{"name":"wp","href":"https:\/\/api.w.org\/{rel}","templated":true}]}}