{"id":52,"date":"2022-05-01T16:37:35","date_gmt":"2022-05-01T16:37:35","guid":{"rendered":"https:\/\/www.jez.ba\/?page_id=52"},"modified":"2023-05-25T11:11:07","modified_gmt":"2023-05-25T11:11:07","slug":"internet-radio","status":"publish","type":"page","link":"https:\/\/www.jez.ba\/index.php\/internet-radio\/","title":{"rendered":"JE\u017d Internet radio Sarajevo"},"content":{"rendered":"\t\t<div data-elementor-type=\"wp-page\" data-elementor-id=\"52\" class=\"elementor elementor-52\">\n\t\t\t\t\t\t<section class=\"elementor-section elementor-top-section elementor-element elementor-element-71e063b4 elementor-section-boxed elementor-section-height-default elementor-section-height-default\" data-id=\"71e063b4\" data-element_type=\"section\" data-e-type=\"section\">\n\t\t\t\t\t\t<div class=\"elementor-container elementor-column-gap-default\">\n\t\t\t\t\t<div class=\"elementor-column elementor-col-100 elementor-top-column elementor-element elementor-element-766dc6ad\" data-id=\"766dc6ad\" data-element_type=\"column\" data-e-type=\"column\">\n\t\t\t<div class=\"elementor-widget-wrap elementor-element-populated\">\n\t\t\t\t\t\t<div class=\"elementor-element elementor-element-19e7239 elementor-widget elementor-widget-text-editor\" data-id=\"19e7239\" data-element_type=\"widget\" data-e-type=\"widget\" data-widget_type=\"text-editor.default\">\n\t\t\t\t<div class=\"elementor-widget-container\">\n\t\t\t\t\t\t\t\t\t\n<p>Je\u017e Internet Radio Sarajevo je trenutno u eksperimentalnom programu. Cilj nam je kreirati &#8220;community&#8221; radio za zajednicu. Svi one koji imaju \u017eelje i afiniteta da nam pomognu u ostvarenju ove ideje  ohrabrujemo da nas kontaktiraju. Sve slu\u0161aoce molimo da nam \u0161alju komentare, kritike i sugestije kako bi unaprijedili program.<\/p>\n\n\n\n<p>Dobrodo\u0161li na Je\u017e Internet Radio Sarajevo, jedinstveni radio projekat koji je trenutno u eksperimentalnom programu. U srcu na\u0161e misije je stvaranje zajedni\u010dkog &#8220;community&#8221; radija za ljude Sarajeva i \u0161ire. Svoje slu\u0161aoce, kao i sve one koji \u017eele da nam pomognu u ostvarenju ove ideje, ohrabrujemo da nas kontaktiraju i postanu dio na\u0161e rastu\u0107e radio zajednice.<\/p>\n\n\n\n<p><strong>O\u017eivljavanje zajednice putem internetskog radija<\/strong><\/p>\n\n\n\n<p>U dana\u0161njem digitalnom dobu, internet je postao most koji povezuje ljude \u0161irom svijeta. Je\u017e Internet Radio Sarajevo ima za cilj iskoristiti ovu mo\u0107nu platformu kako bi o\u017eivio zajednicu Sarajeva i pru\u017eio glas svima koji \u017eele da ga \u010duju. Na\u0161 radio nije samo jo\u0161 jedna stanica na internetu, ve\u0107 je namijenjen da postane prostor za dijeljenje ideja, informacija i kulture, te za podr\u0161ku lokalnih talenata i inicijativa.<\/p>\n\n\n\n<p><strong>Pomo\u0107 i podr\u0161ka na\u0161ih slu\u0161alaca<\/strong><\/p>\n\n\n\n<p>Slu\u0161aoci su srce i du\u0161a na\u0161eg radija. Zato vas pozivamo da nam \u0161aljete svoje komentare, kritike i sugestije kako bismo unaprijedili na\u0161 program. Va\u0161e povratne informacije su nam dragocjene i pomo\u0107i \u0107e nam da oblikujemo sadr\u017eaj koji najbolje odgovara va\u0161im interesima i potrebama. Bez obzira da li imate prijedloge za nove emisije, muzi\u010dke \u017eanrove ili teme koje \u017eelite da istra\u017eimo, \u017eelimo \u010duti va\u0161e mi\u0161ljenje. Va\u0161a podr\u0161ka je od vitalnog zna\u010daja za uspjeh na\u0161eg radija, pa nam se pridru\u017eite i zajedno stvorimo ne\u0161to posebno.<\/p>\n\n\n\n<p><strong>Pridru\u017eite se na\u0161oj radio zajednici<\/strong><\/p>\n\n\n\n<p>Ako imate \u017eelju i afinitete da nam pomognete u ostvarenju na\u0161e ideje, pozivamo vas da nas kontaktirate. Bilo da ste iskusni radio voditelj, tehni\u010dki stru\u010dnjak, novinar, muzi\u010dar ili jednostavno entuzijasta koji \u017eeli da doprinese, otvoreni smo za saradnju sa svima. Zajedno mo\u017eemo izgraditi radio koji odra\u017eava bogatstvo i raznolikost Sarajeva, pru\u017eaju\u0107i prostor za izra\u017eavanje, edukaciju i zabavu.<\/p>\n\n\n\n<p>Je\u017e Internet Radio Sarajevo je vi\u0161e od obi\u010dnog radija. To je mjesto gdje se susre\u0107u ljudi sa istinskom \u017eeljom da pove\u017eu zajednicu i podijele svoje ideje.<\/p>\n\n\n\n<p><strong>Radio je jedan od najutjecajnijih medija u povijesti \u010dovje\u010danstva.<\/strong> <\/p>\n\n\n\n<p>Kroz desetlje\u0107a, radio je pru\u017eao informacije, zabavu i povezivao ljude \u0161irom svijeta. S pojavom interneta, radio je dobio novi oblik &#8211; internet radio. U ovom blogu istra\u017eit \u0107emo povijest radija, kako se internet radio razvio tijekom godina i koji su trendovi i budu\u0107nost ove tehnologije. Posebno \u0107emo se fokusirati na internet radio u Sarajevu, koji je postao simbol spoja tradicije i suvremenosti.<\/p>\n\n\n\n<p><strong>Povijest radija<\/strong><\/p>\n\n\n\n<p>Prije nego \u0161to pre\u0111emo na internet radio, vrijedi se prisjetiti povijesti radija. Prvi radio signal emitiran je prije vi\u0161e od stolje\u0107a, davne 1901. godine, kada je Guglielmo Marconi uspostavio be\u017ei\u010dnu komunikaciju preko Atlantskog oceana. Ubrzo nakon toga, radio postaje sastavni dio svakodnevnog \u017eivota ljudi diljem svijeta.<\/p>\n\n\n\n<p>U Sarajevu, radio je prvi put emitiran 1926. godine, kada je Radio Sarajevo po\u010deo s radom. Ovaj klasi\u010dni radijski kanal postao je sredi\u0161nje mjesto za vijesti, glazbu i emisije. Sarajevski radio brzo je postao nezaobilazan izvor informacija i zabave za gra\u0111ane Sarajeva i \u0161ire.<\/p>\n\n\n\n<p><strong>Povijest internet radija<\/strong><\/p>\n\n\n\n<p>Dolazak interneta donio je revoluciju u svijetu medija, a radio nije iznimka. Internet radio, tako\u0111er poznat kao web radio ili streaming radio, omogu\u0107io je slu\u0161ateljima da pristupe radijskim emisijama putem interneta. Ovo je otvorilo vrata nevjerojatnom broju novih mogu\u0107nosti za emitiranje i slu\u0161anje radija.<\/p>\n\n\n\n<p>Prvi internet radio po\u010deo je s emitiranjem sredinom 1990-ih. Tehnolo\u0161ki napredak omogu\u0107io je razvoj streaminga, \u0161to je omogu\u0107ilo da se zvuk prenosi u stvarnom vremenu putem interneta. Sarajevo, kao jedan od najva\u017enijih gradova u Bosni i Hercegovini, tako\u0111er je sudjelovalo u razvoju internetskog radija. Internet radio Sarajevo brzo je postao popularan izvor glazbe, vijesti i razgovora za lokalno stanovni\u0161tvo i ljude izvan granica Bosne i Hercegovine.<\/p>\n\n\n\n<p><strong>Internet radio Sarajevo danas<\/strong><\/p>\n\n\n\n<p>Danas, internet radio Sarajevo nastavlja svoju tradiciju kao nezaobilazna stanica za ljubitelje glazbe, vijesti i emisija iz Sarajeva. Ovaj oblik radija omogu\u0107uje ljudima iz razli\u010ditih dijelova svijeta da se pove\u017eu sa sarajevskom kulturom i dobiju uvid u \u017eivot u ovom predivnom gradu.<\/p>\n\n\n\n<p>Jedna od klju\u010dnih prednosti internet radija Sarajevo je njegova dostupnost. Bez obzira na to gdje se nalazite, samo trebate pristup internetu i mo\u017eete slu\u0161ati svoje omiljene emisije, razgovore i glazbu. Internet radio Sarajevo pru\u017ea platformu za lokalne talente da izraze svoje vje\u0161tine i dijele svoju umjetnost s \u0161irom publikom.<\/p>\n\n\n\n<p><strong>Budu\u0107nost internet radija<\/strong><\/p>\n\n\n\n<p>Kao i mnoge tehnologije, i internet radio nastavlja evoluirati i prilago\u0111avati se novim trendovima. Jedan od tih trendova je personalizacija. Mnogi internet radijski servisi koriste algoritme i umjetnu inteligenciju kako bi preporu\u010dili glazbu i emisije koje odgovaraju ukusima i preferencijama pojedinog slu\u0161atelja. Ovo stvara jedinstveno iskustvo za svakog korisnika i pove\u0107ava zadovoljstvo slu\u0161anja.<\/p>\n\n\n\n<p>Drugi trend je mobilnost. Uz sve ve\u0107u upotrebu pametnih telefona i prijenosnih ure\u0111aja, ljudi mogu slu\u0161ati internet radio bilo gdje i bilo kada. Ova mobilnost omogu\u0107ava fleksibilnost i slobodu da se pristupi omiljenim emisijama \u010dak i dok ste u pokretu.<\/p>\n\n\n\n<p>Jo\u0161 jedan aspekt budu\u0107nosti internet radija je sve ve\u0107a integracija s dru\u0161tvenim medijima. Mnogi internet radijski kanali sada imaju prisutnost na platformama poput Facebooka, Twittera i Instagrama. Ovo omogu\u0107ava slu\u0161ateljima da se pove\u017eu s omiljenim emisijama i voditeljima radija na dru\u0161tvenim medijima te da aktivno sudjeluju u raspravama i dijeljenju sadr\u017eaja.<\/p>\n\n\n\n<p>Je\u017eInternet radio Sarajevo predstavlja spoj tradicije i suvremenosti. On nas povezuje s bogatom povije\u0161\u0107u radija u Sarajevu, dok nas istovremeno vodi u budu\u0107nost radijskog emitiranja putem interneta. Ovaj oblik radija omogu\u0107uje nam da istra\u017eujemo nove glazbene \u017eanrove, slu\u0161amo emisije na stranom jeziku i pove\u017eemo se s ljudima iz cijelog svijeta. Budu\u0107nost internet radija izgleda obe\u0107avaju\u0107e, s novim trendovima koji donose personalizirano iskustvo i ve\u0107u integraciju s dru\u0161tvenim medijima. Internet radio Sarajevo nastavit \u0107e igrati va\u017enu ulogu u \u017eivotima ljubitelja radija i pru\u017eati im nevjerojatno iskustvo slu\u0161anja koje povezuje ljude unato\u010d fizi\u010dkim udaljenostima.<\/p>\n\n\n\n<p><br><\/p>\n\t\t\t\t\t\t\t\t<\/div>\n\t\t\t\t<\/div>\n\t\t\t\t\t<\/div>\n\t\t<\/div>\n\t\t\t\t\t<\/div>\n\t\t<\/section>\n\t\t\t\t<\/div>\n\t\t","protected":false},"excerpt":{"rendered":"<p>Je\u017e Internet Radio Sarajevo je trenutno u eksperimentalnom programu. Cilj nam je kreirati &#8220;community&#8221; radio za zajednicu. Svi one koji imaju \u017eelje i afiniteta da nam pomognu u ostvarenju ove ideje ohrabrujemo da nas kontaktiraju. Sve slu\u0161aoce molimo da nam \u0161alju komentare, kritike i sugestije kako bi unaprijedili program. Dobrodo\u0161li na Je\u017e Internet Radio Sarajevo,&#8230;<\/p>\n","protected":false},"author":1,"featured_media":0,"parent":0,"menu_order":0,"comment_status":"closed","ping_status":"closed","template":"","meta":{"footnotes":""},"class_list":["post-52","page","type-page","status-publish","hentry"],"_links":{"self":[{"href":"https:\/\/www.jez.ba\/index.php\/wp-json\/wp\/v2\/pages\/52","targetHints":{"allow":["GET"]}}],"collection":[{"href":"https:\/\/www.jez.ba\/index.php\/wp-json\/wp\/v2\/pages"}],"about":[{"href":"https:\/\/www.jez.ba\/index.php\/wp-json\/wp\/v2\/types\/page"}],"author":[{"embeddable":true,"href":"https:\/\/www.jez.ba\/index.php\/wp-json\/wp\/v2\/users\/1"}],"replies":[{"embeddable":true,"href":"https:\/\/www.jez.ba\/index.php\/wp-json\/wp\/v2\/comments?post=52"}],"version-history":[{"count":8,"href":"https:\/\/www.jez.ba\/index.php\/wp-json\/wp\/v2\/pages\/52\/revisions"}],"predecessor-version":[{"id":607,"href":"https:\/\/www.jez.ba\/index.php\/wp-json\/wp\/v2\/pages\/52\/revisions\/607"}],"wp:attachment":[{"href":"https:\/\/www.jez.ba\/index.php\/wp-json\/wp\/v2\/media?parent=52"}],"curies":[{"name":"wp","href":"https:\/\/api.w.org\/{rel}","templated":true}]}}